{"id":58,"date":"2019-03-26T10:27:57","date_gmt":"2019-03-26T13:27:57","guid":{"rendered":"https:\/\/bartholomeu.net\/wp\/?page_id=58"},"modified":"2021-10-29T11:02:29","modified_gmt":"2021-10-29T14:02:29","slug":"aurea","status":"publish","type":"page","link":"https:\/\/bartholomeu.net\/wp\/aurea\/","title":{"rendered":"Aurea"},"content":{"rendered":"\t\t<div data-elementor-type=\"wp-page\" data-elementor-id=\"58\" class=\"elementor elementor-58\">\n\t\t\t\t\t\t<section class=\"elementor-section elementor-top-section elementor-element elementor-element-52297d5 elementor-section-boxed elementor-section-height-default elementor-section-height-default\" data-id=\"52297d5\" data-element_type=\"section\" data-settings=\"{&quot;background_background&quot;:&quot;classic&quot;}\">\n\t\t\t\t\t\t\t<div class=\"elementor-background-overlay\"><\/div>\n\t\t\t\t\t\t\t<div class=\"elementor-container elementor-column-gap-default\">\n\t\t\t\t\t<div class=\"elementor-column elementor-col-100 elementor-top-column elementor-element elementor-element-0e3b947\" data-id=\"0e3b947\" data-element_type=\"column\">\n\t\t\t<div class=\"elementor-widget-wrap elementor-element-populated\">\n\t\t\t\t\t\t<div class=\"elementor-element elementor-element-4b42b27 elementor-widget elementor-widget-spacer\" data-id=\"4b42b27\" data-element_type=\"widget\" data-widget_type=\"spacer.default\">\n\t\t\t\t<div class=\"elementor-widget-container\">\n\t\t\t\t\t<div class=\"elementor-spacer\">\n\t\t\t<div class=\"elementor-spacer-inner\"><\/div>\n\t\t<\/div>\n\t\t\t\t<\/div>\n\t\t\t\t<\/div>\n\t\t\t\t\t<\/div>\n\t\t<\/div>\n\t\t\t\t\t<\/div>\n\t\t<\/section>\n\t\t\t\t<section class=\"elementor-section elementor-top-section elementor-element elementor-element-17958b elementor-section-boxed elementor-section-height-default elementor-section-height-default\" data-id=\"17958b\" data-element_type=\"section\">\n\t\t\t\t\t\t<div class=\"elementor-container elementor-column-gap-default\">\n\t\t\t\t\t<div class=\"elementor-column elementor-col-100 elementor-top-column elementor-element elementor-element-fdcac8b\" data-id=\"fdcac8b\" data-element_type=\"column\">\n\t\t\t<div class=\"elementor-widget-wrap elementor-element-populated\">\n\t\t\t\t\t\t<div class=\"elementor-element elementor-element-f953c1c elementor-widget elementor-widget-page-title\" data-id=\"f953c1c\" data-element_type=\"widget\" data-settings=\"{&quot;align&quot;:&quot;center&quot;}\" data-widget_type=\"page-title.default\">\n\t\t\t\t<div class=\"elementor-widget-container\">\n\t\t\t\t\t\n\t\t<div class=\"hfe-page-title hfe-page-title-wrapper elementor-widget-heading\">\n\n\t\t\t\t\t\t\t\t\t\t\t<a href=\"https:\/\/bartholomeu.net\/wp\">\n\t\t\t\t\t\t<h2 class=\"elementor-heading-title elementor-size-default\">\n\t\t\t\t\t\t\t\t\n\t\t\t\tAurea  \n\t\t\t<\/h2 > \n\t\t\t\t\t\t\t\t\t<\/a>\n\t\t\t\t\t<\/div>\n\t\t\t\t<\/div>\n\t\t\t\t<\/div>\n\t\t\t\t<section class=\"elementor-section elementor-inner-section elementor-element elementor-element-f3b0d7a elementor-section-boxed elementor-section-height-default elementor-section-height-default\" data-id=\"f3b0d7a\" data-element_type=\"section\">\n\t\t\t\t\t\t<div class=\"elementor-container elementor-column-gap-default\">\n\t\t\t\t\t<div class=\"elementor-column elementor-col-50 elementor-inner-column elementor-element elementor-element-c660c3e\" data-id=\"c660c3e\" data-element_type=\"column\" data-settings=\"{&quot;background_background&quot;:&quot;classic&quot;}\">\n\t\t\t<div class=\"elementor-widget-wrap elementor-element-populated\">\n\t\t\t\t\t\t<div class=\"elementor-element elementor-element-5cba147 elementor-widget elementor-widget-heading\" data-id=\"5cba147\" data-element_type=\"widget\" data-widget_type=\"heading.default\">\n\t\t\t\t<div class=\"elementor-widget-container\">\n\t\t\t<h4 class=\"elementor-heading-title elementor-size-default\">A EMPRESA<\/h4>\t\t<\/div>\n\t\t\t\t<\/div>\n\t\t\t\t<div class=\"elementor-element elementor-element-cd4f466 elementor-widget elementor-widget-text-editor\" data-id=\"cd4f466\" data-element_type=\"widget\" data-widget_type=\"text-editor.default\">\n\t\t\t\t<div class=\"elementor-widget-container\">\n\t\t\t\t\t\t\t<p>A \u00c1urea Alimentos \u00e9 sin\u00f4nimo de um eterno e incans\u00e1vel amor pelo sabor. Essa hist\u00f3ria, constru\u00edda em fam\u00edlia com toda a dedica\u00e7\u00e3o, cuidado e carinho, teve in\u00edcio em 1962, na cidade de Bra\u00e7o do Norte, e completou 57 anos de hist\u00f3ria. Atualmente a empresa est\u00e1 presente nos 27 estados brasileiros levando produtos premiados e inovadores ao mercado.<br \/>O zelo pela melhor experi\u00eancia do paladar consolida-se em mais de 120 itens produzidos na ind\u00fastria sul catarinense, divididos nas categorias doce de leite, recheios cremosos e forne\u00e1veis, brilhos e coberturas, doces de frutas, geleias, goiabadas, linha festa com brigadeiro, beijinho e cajuzinho, condensados l\u00e1cteos compostos por leite condensado e sobremesa l\u00e1ctea sabor leite condensado e a linha de molhos e condimentos.<\/p>\t\t\t\t\t\t<\/div>\n\t\t\t\t<\/div>\n\t\t\t\t<div class=\"elementor-element elementor-element-ba9a0f6 elementor-widget elementor-widget-heading\" data-id=\"ba9a0f6\" data-element_type=\"widget\" data-widget_type=\"heading.default\">\n\t\t\t\t<div class=\"elementor-widget-container\">\n\t\t\t<h4 class=\"elementor-heading-title elementor-size-default\">ESTRUTURA<\/h4>\t\t<\/div>\n\t\t\t\t<\/div>\n\t\t\t\t<div class=\"elementor-element elementor-element-b588005 elementor-widget elementor-widget-text-editor\" data-id=\"b588005\" data-element_type=\"widget\" data-widget_type=\"text-editor.default\">\n\t\t\t\t<div class=\"elementor-widget-container\">\n\t\t\t\t\t\t\t<p>S\u00e3o cerca de 300 colaboradores trabalham nas \u00e1reas industriais e administrativas da \u00c1urea Alimentos. Al\u00e9m desses empregos diretos, a empresa gera cerca de 260 indiretos por meio da equipe de vendas, hoje com 93 representantes espalhados por todo o territ\u00f3rio nacional. E os outros 170 postos de trabalho indiretos v\u00eam por meio dos produtores de leite, todos da regi\u00e3o Sul e da Serra de Santa Catarina, que fornecem diariamente 35 mil litros de leite e 35 mil litros de soro de leite<\/p><div>Fonte: <a href=\"https:\/\/aureaalimentos.com.br\/nossa-historia\/\" target=\"_blank\" rel=\"noopener\">https:\/\/aureaalimentos.com.br\/nossa-historia\/<\/a><\/div>\t\t\t\t\t\t<\/div>\n\t\t\t\t<\/div>\n\t\t\t\t\t<\/div>\n\t\t<\/div>\n\t\t\t\t<div class=\"elementor-column elementor-col-50 elementor-inner-column elementor-element elementor-element-062435a\" data-id=\"062435a\" data-element_type=\"column\" data-settings=\"{&quot;background_background&quot;:&quot;classic&quot;}\">\n\t\t\t<div class=\"elementor-widget-wrap elementor-element-populated\">\n\t\t\t\t\t\t<div class=\"elementor-element elementor-element-b56fc8f elementor-widget elementor-widget-heading\" data-id=\"b56fc8f\" data-element_type=\"widget\" data-widget_type=\"heading.default\">\n\t\t\t\t<div class=\"elementor-widget-container\">\n\t\t\t<h2 class=\"elementor-heading-title elementor-size-default\">\u00daltimas Not\u00edcias<\/h2>\t\t<\/div>\n\t\t\t\t<\/div>\n\t\t\t\t<div class=\"elementor-element elementor-element-fcc79ef elementor-grid-eael-col-1 elementor-grid-tablet-eael-col-2 elementor-grid-mobile-eael-col-1 elementor-widget elementor-widget-eael-post-grid\" data-id=\"fcc79ef\" data-element_type=\"widget\" data-settings=\"{&quot;eael_post_grid_columns&quot;:&quot;eael-col-1&quot;,&quot;eael_post_grid_columns_tablet&quot;:&quot;eael-col-2&quot;,&quot;eael_post_grid_columns_mobile&quot;:&quot;eael-col-1&quot;}\" data-widget_type=\"eael-post-grid.default\">\n\t\t\t\t<div class=\"elementor-widget-container\">\n\t\t\t<div id=\"eael-post-grid-fcc79ef\" class=\"eael-post-grid-container\">\n            <div class=\"eael-post-grid eael-post-appender eael-post-appender-fcc79ef eael-post-grid-style-one\" data-layout-mode=\"grid\"><article class=\"eael-grid-post eael-post-grid-column\" data-id=\"838\">\n        <div class=\"eael-grid-post-holder\">\n            <div class=\"eael-grid-post-holder-inner\"><div class=\"eael-entry-media\"><div class=\"eael-entry-overlay fade-in\"><i class=\"fas fa-long-arrow-alt-right\" aria-hidden=\"true\"><\/i><a href=\"https:\/\/bartholomeu.net\/wp\/aurea-lancamento-doce-de-leite-confeitaria-45kg-bag\/\"><\/a><\/div><div class=\"eael-entry-thumbnail \">\n                <img fetchpriority=\"high\" decoding=\"async\" width=\"212\" height=\"300\" src=\"https:\/\/bartholomeu.net\/wp\/wp-content\/uploads\/2021\/10\/LaminaDLeiteConfeitaria4.5-212x300.jpeg\" class=\"attachment-medium size-medium wp-image-842\" alt=\"\" srcset=\"https:\/\/bartholomeu.net\/wp\/wp-content\/uploads\/2021\/10\/LaminaDLeiteConfeitaria4.5-212x300.jpeg 212w, https:\/\/bartholomeu.net\/wp\/wp-content\/uploads\/2021\/10\/LaminaDLeiteConfeitaria4.5.jpeg 724w\" sizes=\"(max-width: 212px) 100vw, 212px\" \/>\n            <\/div>\n        <\/div><div class=\"eael-entry-wrapper\"><header class=\"eael-entry-header\"><h2 class=\"eael-entry-title\"><a\n                        class=\"eael-grid-post-link\"\n                        href=\"https:\/\/bartholomeu.net\/wp\/aurea-lancamento-doce-de-leite-confeitaria-45kg-bag\/\"\n                        title=\"Aurea Lan\u00e7amento: Doce de Leite Confeitaria 4,5kg Bag\">Aurea Lan\u00e7amento: Doce de Leite Confeitaria 4,5kg Bag<\/a><\/h2><\/header><div class=\"eael-entry-content\">\n                        <div class=\"eael-grid-post-excerpt\"><p>Aurea Lan\u00e7amento: Doce de Leite Confeitaria 4,5kg Bag Lan\u00e7amento Aurea,...<\/p><a\n                            href=\"https:\/\/bartholomeu.net\/wp\/aurea-lancamento-doce-de-leite-confeitaria-45kg-bag\/\"\n                            class=\"eael-post-elements-readmore-btn\">Leia Mais...<\/a><\/div>\n                    <\/div><\/div><\/div>\n        <\/div>\n    <\/article><article class=\"eael-grid-post eael-post-grid-column\" data-id=\"836\">\n        <div class=\"eael-grid-post-holder\">\n            <div class=\"eael-grid-post-holder-inner\"><div class=\"eael-entry-media\"><div class=\"eael-entry-overlay fade-in\"><i class=\"fas fa-long-arrow-alt-right\" aria-hidden=\"true\"><\/i><a href=\"https:\/\/bartholomeu.net\/wp\/aurea-lancamento-doce-de-soro-chocolate-48-bag\/\"><\/a><\/div><div class=\"eael-entry-thumbnail \">\n                <img decoding=\"async\" width=\"212\" height=\"300\" src=\"https:\/\/bartholomeu.net\/wp\/wp-content\/uploads\/2021\/10\/LaminaDSoroChocolate4.8-212x300.jpeg\" class=\"attachment-medium size-medium wp-image-855\" alt=\"\" srcset=\"https:\/\/bartholomeu.net\/wp\/wp-content\/uploads\/2021\/10\/LaminaDSoroChocolate4.8-212x300.jpeg 212w, https:\/\/bartholomeu.net\/wp\/wp-content\/uploads\/2021\/10\/LaminaDSoroChocolate4.8.jpeg 724w\" sizes=\"(max-width: 212px) 100vw, 212px\" \/>\n            <\/div>\n        <\/div><div class=\"eael-entry-wrapper\"><header class=\"eael-entry-header\"><h2 class=\"eael-entry-title\"><a\n                        class=\"eael-grid-post-link\"\n                        href=\"https:\/\/bartholomeu.net\/wp\/aurea-lancamento-doce-de-soro-chocolate-48-bag\/\"\n                        title=\"Aurea Lan\u00e7amento: Doce de Soro Chocolate 4,8kg Bag\">Aurea Lan\u00e7amento: Doce de Soro Chocolate 4,8kg Bag<\/a><\/h2><\/header><div class=\"eael-entry-content\">\n                        <div class=\"eael-grid-post-excerpt\"><p>Aurea Lan\u00e7amento: Doce de Soro Chocolate 4,8kg Bag V\u00eddeo com...<\/p><a\n                            href=\"https:\/\/bartholomeu.net\/wp\/aurea-lancamento-doce-de-soro-chocolate-48-bag\/\"\n                            class=\"eael-post-elements-readmore-btn\">Leia Mais...<\/a><\/div>\n                    <\/div><\/div><\/div>\n        <\/div>\n    <\/article><\/div>\n            <div class=\"clearfix\"><\/div>\n        <\/div>            <div class=\"eael-load-more-button-wrap\">\n                <button class=\"eael-load-more-button\" id=\"eael-load-more-btn-fcc79ef\" data-widget-id=\"fcc79ef\" data-widget=\"fcc79ef\" data-page-id=\"58\" data-template=\"{&quot;dir&quot;:&quot;lite&quot;,&quot;file_name&quot;:&quot;default.php&quot;,&quot;name&quot;:&quot;Post-Grid&quot;}\" data-class=\"Essential_Addons_Elementor\\Elements\\Post_Grid\" data-layout=\"grid\" data-page=\"1\" data-args=\"orderby=date&amp;order=desc&amp;ignore_sticky_posts=1&amp;post_status=publish&amp;posts_per_page=2&amp;offset=0&amp;post_type=post&amp;tax_query%5B0%5D%5Btaxonomy%5D=category&amp;tax_query%5B0%5D%5Bfield%5D=term_id&amp;tax_query%5B0%5D%5Bterms%5D%5B0%5D=24&amp;tax_query%5Brelation%5D=AND\" data-max-page=\"2\">\n                    <span class=\"eael-btn-loader button__loader\"><\/span>\n                    <span class=\"eael_load_more_text\">Carregar Mais...<\/span>\n                <\/button>\n            <\/div>\n            \t\t<\/div>\n\t\t\t\t<\/div>\n\t\t\t\t<div class=\"elementor-element elementor-element-3c1f39c elementor-widget elementor-widget-html\" data-id=\"3c1f39c\" data-element_type=\"widget\" data-widget_type=\"html.default\">\n\t\t\t\t<div class=\"elementor-widget-container\">\n\t\t\t<!-- Widgets Produtos Cepea - www.cepea.esalq.com.br\/br\/widget.aspx -->\n<script type=\"text\/javascript\" src=\"https:\/\/www.cepea.esalq.usp.br\/br\/widgetproduto.js.php?fonte=arial&tamanho=10&largura=99%&corfundo=d62d2d&cortexto=000000&corlinha=e6e6e6&id_indicador%5B%5D=leitep&id_indicador%5B%5D=53\"><\/script>\t\t<\/div>\n\t\t\t\t<\/div>\n\t\t\t\t\t<\/div>\n\t\t<\/div>\n\t\t\t\t\t<\/div>\n\t\t<\/section>\n\t\t\t\t\t<\/div>\n\t\t<\/div>\n\t\t\t\t\t<\/div>\n\t\t<\/section>\n\t\t\t\t<\/div>\n\t\t","protected":false},"excerpt":{"rendered":"<p>Aurea A EMPRESA A \u00c1urea Alimentos \u00e9 sin\u00f4nimo de um eterno e incans\u00e1vel amor pelo sabor. Essa hist\u00f3ria, constru\u00edda em fam\u00edlia com toda a dedica\u00e7\u00e3o, cuidado e carinho, teve in\u00edcio em 1962, na cidade de Bra\u00e7o do Norte, e completou 57 anos de hist\u00f3ria. Atualmente a empresa est\u00e1 presente nos 27 estados brasileiros levando produtos [&hellip;]<\/p>\n","protected":false},"author":1,"featured_media":673,"parent":0,"menu_order":0,"comment_status":"closed","ping_status":"closed","template":"elementor_header_footer","meta":{"site-sidebar-layout":"default","site-content-layout":"","ast-site-content-layout":"","site-content-style":"default","site-sidebar-style":"default","ast-global-header-display":"","ast-banner-title-visibility":"","ast-main-header-display":"","ast-hfb-above-header-display":"","ast-hfb-below-header-display":"","ast-hfb-mobile-header-display":"","site-post-title":"","ast-breadcrumbs-content":"","ast-featured-img":"","footer-sml-layout":"","theme-transparent-header-meta":"","adv-header-id-meta":"","stick-header-meta":"","header-above-stick-meta":"","header-main-stick-meta":"","header-below-stick-meta":"","astra-migrate-meta-layouts":"default","ast-page-background-enabled":"default","ast-page-background-meta":{"desktop":{"background-color":"","background-image":"","background-repeat":"repeat","background-position":"center center","background-size":"auto","background-attachment":"scroll","background-type":"","background-media":"","overlay-type":"","overlay-color":"","overlay-opacity":"","overlay-gradient":""},"tablet":{"background-color":"","background-image":"","background-repeat":"repeat","background-position":"center center","background-size":"auto","background-attachment":"scroll","background-type":"","background-media":"","overlay-type":"","overlay-color":"","overlay-opacity":"","overlay-gradient":""},"mobile":{"background-color":"","background-image":"","background-repeat":"repeat","background-position":"center center","background-size":"auto","background-attachment":"scroll","background-type":"","background-media":"","overlay-type":"","overlay-color":"","overlay-opacity":"","overlay-gradient":""}},"ast-content-background-meta":{"desktop":{"background-color":"var(--ast-global-color-5)","background-image":"","background-repeat":"repeat","background-position":"center center","background-size":"auto","background-attachment":"scroll","background-type":"","background-media":"","overlay-type":"","overlay-color":"","overlay-opacity":"","overlay-gradient":""},"tablet":{"background-color":"var(--ast-global-color-5)","background-image":"","background-repeat":"repeat","background-position":"center center","background-size":"auto","background-attachment":"scroll","background-type":"","background-media":"","overlay-type":"","overlay-color":"","overlay-opacity":"","overlay-gradient":""},"mobile":{"background-color":"var(--ast-global-color-5)","background-image":"","background-repeat":"repeat","background-position":"center center","background-size":"auto","background-attachment":"scroll","background-type":"","background-media":"","overlay-type":"","overlay-color":"","overlay-opacity":"","overlay-gradient":""}},"footnotes":""},"class_list":["post-58","page","type-page","status-publish","has-post-thumbnail","hentry"],"_links":{"self":[{"href":"https:\/\/bartholomeu.net\/wp\/wp-json\/wp\/v2\/pages\/58","targetHints":{"allow":["GET"]}}],"collection":[{"href":"https:\/\/bartholomeu.net\/wp\/wp-json\/wp\/v2\/pages"}],"about":[{"href":"https:\/\/bartholomeu.net\/wp\/wp-json\/wp\/v2\/types\/page"}],"author":[{"embeddable":true,"href":"https:\/\/bartholomeu.net\/wp\/wp-json\/wp\/v2\/users\/1"}],"replies":[{"embeddable":true,"href":"https:\/\/bartholomeu.net\/wp\/wp-json\/wp\/v2\/comments?post=58"}],"version-history":[{"count":28,"href":"https:\/\/bartholomeu.net\/wp\/wp-json\/wp\/v2\/pages\/58\/revisions"}],"predecessor-version":[{"id":1291,"href":"https:\/\/bartholomeu.net\/wp\/wp-json\/wp\/v2\/pages\/58\/revisions\/1291"}],"wp:featuredmedia":[{"embeddable":true,"href":"https:\/\/bartholomeu.net\/wp\/wp-json\/wp\/v2\/media\/673"}],"wp:attachment":[{"href":"https:\/\/bartholomeu.net\/wp\/wp-json\/wp\/v2\/media?parent=58"}],"curies":[{"name":"wp","href":"https:\/\/api.w.org\/{rel}","templated":true}]}}